{"id":1828,"date":"2025-04-11T12:43:03","date_gmt":"2025-04-11T12:43:03","guid":{"rendered":"https:\/\/www.vignedimalies.it\/?post_type=product&#038;p=1828"},"modified":"2025-04-11T14:37:59","modified_gmt":"2025-04-11T14:37:59","slug":"falanghina-macerata","status":"publish","type":"product","link":"https:\/\/www.vignedimalies.it\/en\/product\/falanghina-macerata\/","title":{"rendered":"Creantia Falanghina Macerata"},"content":{"rendered":"<p>La Falanghina Creantia Macerata \u00e8 un vino che presenta complessit\u00e0 aromatica. Il nome latino Creantia letteralmente vuol dire cose che fanno crescere, creativit\u00e0. Da Creantia deriva lo spagnolo Criar (allevare, educare) che ha dato origine alla parola spagnola Crianza, tanto diffusa nel dialetto campano a seguito della dominazione spagnola, durata secoli anche nel Sannio (bona crianza). I vini della linea Creantia di Vigne di Malies sono prodotti, affinati, speciali\u2026. ben educati, tale \u00e8 la passione e l\u2019amore &#8230; la nostra migliore creativit\u00e0 enologica.<\/p>\n<p>Di un luminoso colore dorato intenso, con riflessi ambrati che raccontano il lungo abbraccio con le bucce. Al naso si apre con note pungenti di zenzero fresco, che lasciano poi spazio a una complessit\u00e0 balsamica di erbe officinali, resina e timo selvatico. Chiude in dolcezza, con eleganti sentori di miele d\u2019acacia e frutta gialla disidratata.<\/p>\n<p>Al gusto \u00e8 intenso, profondo, con una trama tannica setosa ma ben presente, una freschezza viva e una sapidit\u00e0 minerale che ne esaltano la struttura. Il finale \u00e8 lungo, dinamico, con ritorni speziati e dolci insieme, come a voler raccontare tutte le fasi della sua macerazione in un solo sorso.<\/p>\n<p>Ideale in abbinamento a formaggi stagionati, piatti speziati e complessi, carni bianche in umido o pesce al forno con erbe aromatiche.<\/p>\n<p>Un vino che ama la tavola ma sa anche conversare da solo, per chi cerca emozione e sostanza nel bicchiere.<\/p>\n<p><strong>Servire a 13-14\u00b0C<\/strong><\/p>\n<p><b>Nome del Prodotto<\/b><\/p>\n<p>Creantia Falanghina Macerata<\/p>\n<p><b>Denominazione<\/b><\/p>\n<p>Campania Falanghina I.G.T.<\/p>\n<p><b>Uvaggio<\/b><\/p>\n<p>Falanghina 100%<\/p>\n<p><b>Locazione Vigneto<\/b><\/p>\n<p>Localit\u00e0 Pietra Orlando &#8211; Guardia Sanframondi<\/p>\n<p><b>Superfice vitata<\/b><\/p>\n<p>5000 mq<\/p>\n<p><b>Esposizione e altimetria <\/b><\/p>\n<p>Esposizione Sud-Ovest 200 m s.l.m<b>;<\/b><\/p>\n<p><b>Tipologia dei terreni<\/b><\/p>\n<p>Calcareo argilloso<\/p>\n<p><b>Sistema di allevamento<\/b><\/p>\n<p>Spalliera Guyot,<\/p>\n<p><b>Densit\u00e0 impianto<\/b><\/p>\n<p>3000 Piante per ha<\/p>\n<p><b>Resa per ceppo<\/b><\/p>\n<p>3,0 \u2013kg<\/p>\n<p><b>Periodo di raccolta<\/b><\/p>\n<p>Fine Settembre<\/p>\n<p><b>Tecnica di Vinificazione<\/b><\/p>\n<p>Diraspatura e macerazione sulle bucce per 12 giorni. Svinatura e Affinamento in acciao e bottiglia<\/p>\n<p><b>Affinamento<\/b><\/p>\n<p>1 Anno tra acciaio e bottiglia.<\/p>\n<p><b>Gradi <\/b><\/p>\n<p>13,00 % vol<\/p>","protected":false},"excerpt":{"rendered":"<p>La Falanghina Creantia Macerata \u00e8 un vino che presenta complessit\u00e0 aromatica. Il nome latino Creantia letteralmente vuol dire cose che fanno crescere, creativit\u00e0. Da Creantia deriva lo spagnolo Criar (allevare, educare) che ha dato origine alla parola spagnola Crianza, tanto diffusa nel dialetto campano a seguito della dominazione spagnola, durata secoli anche nel Sannio (bona [&hellip;]<\/p>\n","protected":false},"featured_media":1823,"template":"","meta":[],"product_brand":[],"product_cat":[25],"product_tag":[49],"class_list":{"0":"post-1828","1":"product","2":"type-product","3":"status-publish","4":"has-post-thumbnail","6":"product_cat-products","7":"product_tag-linea-creantia","9":"first","10":"instock","11":"shipping-taxable","12":"purchasable","13":"product-type-simple"},"_links":{"self":[{"href":"https:\/\/www.vignedimalies.it\/en\/wp-json\/wp\/v2\/product\/1828","targetHints":{"allow":["GET"]}}],"collection":[{"href":"https:\/\/www.vignedimalies.it\/en\/wp-json\/wp\/v2\/product"}],"about":[{"href":"https:\/\/www.vignedimalies.it\/en\/wp-json\/wp\/v2\/types\/product"}],"version-history":[{"count":5,"href":"https:\/\/www.vignedimalies.it\/en\/wp-json\/wp\/v2\/product\/1828\/revisions"}],"predecessor-version":[{"id":1836,"href":"https:\/\/www.vignedimalies.it\/en\/wp-json\/wp\/v2\/product\/1828\/revisions\/1836"}],"wp:featuredmedia":[{"embeddable":true,"href":"https:\/\/www.vignedimalies.it\/en\/wp-json\/wp\/v2\/media\/1823"}],"wp:attachment":[{"href":"https:\/\/www.vignedimalies.it\/en\/wp-json\/wp\/v2\/media?parent=1828"}],"wp:term":[{"taxonomy":"product_brand","embeddable":true,"href":"https:\/\/www.vignedimalies.it\/en\/wp-json\/wp\/v2\/product_brand?post=1828"},{"taxonomy":"product_cat","embeddable":true,"href":"https:\/\/www.vignedimalies.it\/en\/wp-json\/wp\/v2\/product_cat?post=1828"},{"taxonomy":"product_tag","embeddable":true,"href":"https:\/\/www.vignedimalies.it\/en\/wp-json\/wp\/v2\/product_tag?post=1828"}],"curies":[{"name":"wp","href":"https:\/\/api.w.org\/{rel}","templated":true}]}}